{"id":15030,"date":"2025-11-16T17:08:43","date_gmt":"2025-11-16T22:08:43","guid":{"rendered":"https:\/\/www.lateliercoiffureesthetique.com\/fr\/?post_type=product&#038;p=15030"},"modified":"2025-11-16T17:20:58","modified_gmt":"2025-11-16T22:20:58","slug":"apres-shampooing-be-curly-advance","status":"publish","type":"product","link":"https:\/\/www.lateliercoiffureesthetique.com\/fr\/produit\/apres-shampooing-be-curly-advance\/","title":{"rendered":"APR\u00c8S-SHAMPOOING BE CURLY ADVANCE\u2122"},"content":{"rendered":"","protected":false},"excerpt":{"rendered":"<p>Un apr\u00e8s-shampooing nourrissant pour les cheveux boucl\u00e9s qui hydrate et lisse instantan\u00e9ment pour faciliter le d\u00e9m\u00ealage des boucles et des spirales de 95\u00a0%<sup>*<\/sup>. R\u00e9duit les frisottis et donne une apparence saine, brillante et plus d\u00e9finie aux cheveux.<\/p>\n","protected":false},"featured_media":15035,"comment_status":"open","ping_status":"closed","template":"","meta":[],"product_cat":[443,27],"product_tag":[],"_links":{"self":[{"href":"https:\/\/www.lateliercoiffureesthetique.com\/fr\/wp-json\/wp\/v2\/product\/15030"}],"collection":[{"href":"https:\/\/www.lateliercoiffureesthetique.com\/fr\/wp-json\/wp\/v2\/product"}],"about":[{"href":"https:\/\/www.lateliercoiffureesthetique.com\/fr\/wp-json\/wp\/v2\/types\/product"}],"replies":[{"embeddable":true,"href":"https:\/\/www.lateliercoiffureesthetique.com\/fr\/wp-json\/wp\/v2\/comments?post=15030"}],"wp:featuredmedia":[{"embeddable":true,"href":"https:\/\/www.lateliercoiffureesthetique.com\/fr\/wp-json\/wp\/v2\/media\/15035"}],"wp:attachment":[{"href":"https:\/\/www.lateliercoiffureesthetique.com\/fr\/wp-json\/wp\/v2\/media?parent=15030"}],"wp:term":[{"taxonomy":"product_cat","embeddable":true,"href":"https:\/\/www.lateliercoiffureesthetique.com\/fr\/wp-json\/wp\/v2\/product_cat?post=15030"},{"taxonomy":"product_tag","embeddable":true,"href":"https:\/\/www.lateliercoiffureesthetique.com\/fr\/wp-json\/wp\/v2\/product_tag?post=15030"}],"curies":[{"name":"wp","href":"https:\/\/api.w.org\/{rel}","templated":true}]}}