{"id":15031,"date":"2025-11-16T17:10:25","date_gmt":"2025-11-16T22:10:25","guid":{"rendered":"https:\/\/www.lateliercoiffureesthetique.com\/fr\/?post_type=product&#038;p=15031"},"modified":"2025-11-16T17:22:35","modified_gmt":"2025-11-16T22:22:35","slug":"creme-de-definition-des-boucles-be-curly-advanced","status":"publish","type":"product","link":"https:\/\/www.lateliercoiffureesthetique.com\/fr\/produit\/creme-de-definition-des-boucles-be-curly-advanced\/","title":{"rendered":"CR\u00c8ME DE D\u00c9FINITION DES BOUCLES BE CURLY ADVANCED\u2122"},"content":{"rendered":"","protected":false},"excerpt":{"rendered":"<p>La cr\u00e8me de d\u00e9finition des boucles sans silicone r\u00e9duit instantan\u00e9ment les frisottis et ajoute de la brillance. Hydrate les boucles et les ondulations tout en augmentant la d\u00e9finition.<\/p>\n","protected":false},"featured_media":15036,"comment_status":"open","ping_status":"closed","template":"","meta":[],"product_cat":[443,27],"product_tag":[],"_links":{"self":[{"href":"https:\/\/www.lateliercoiffureesthetique.com\/fr\/wp-json\/wp\/v2\/product\/15031"}],"collection":[{"href":"https:\/\/www.lateliercoiffureesthetique.com\/fr\/wp-json\/wp\/v2\/product"}],"about":[{"href":"https:\/\/www.lateliercoiffureesthetique.com\/fr\/wp-json\/wp\/v2\/types\/product"}],"replies":[{"embeddable":true,"href":"https:\/\/www.lateliercoiffureesthetique.com\/fr\/wp-json\/wp\/v2\/comments?post=15031"}],"wp:featuredmedia":[{"embeddable":true,"href":"https:\/\/www.lateliercoiffureesthetique.com\/fr\/wp-json\/wp\/v2\/media\/15036"}],"wp:attachment":[{"href":"https:\/\/www.lateliercoiffureesthetique.com\/fr\/wp-json\/wp\/v2\/media?parent=15031"}],"wp:term":[{"taxonomy":"product_cat","embeddable":true,"href":"https:\/\/www.lateliercoiffureesthetique.com\/fr\/wp-json\/wp\/v2\/product_cat?post=15031"},{"taxonomy":"product_tag","embeddable":true,"href":"https:\/\/www.lateliercoiffureesthetique.com\/fr\/wp-json\/wp\/v2\/product_tag?post=15031"}],"curies":[{"name":"wp","href":"https:\/\/api.w.org\/{rel}","templated":true}]}}