{"id":15047,"date":"2025-11-16T17:54:01","date_gmt":"2025-11-16T22:54:01","guid":{"rendered":"https:\/\/www.lateliercoiffureesthetique.com\/fr\/?post_type=product&#038;p=15047"},"modified":"2025-11-16T18:02:21","modified_gmt":"2025-11-16T23:02:21","slug":"shampooing-anti-frisottis-smooth-infusion","status":"publish","type":"product","link":"https:\/\/www.lateliercoiffureesthetique.com\/fr\/produit\/shampooing-anti-frisottis-smooth-infusion\/","title":{"rendered":"SHAMPOOING ANTI-FRISOTTIS SMOOTH INFUSION\u2122"},"content":{"rendered":"","protected":false},"excerpt":{"rendered":"<p>Le shampooing lissant sans silicone nettoie en douceur, hydrate et am\u00e9liore la brillance tout en combattant les frisottis. La formule v\u00e9g\u00e9talienne comprend un bouclier de polym\u00e8re v\u00e9g\u00e9tal et un m\u00e9lange d&rsquo;huiles lissantes botaniques pour prot\u00e9ger contre l&rsquo;humidit\u00e9, gardant les cheveux plus lisses et plus \u00e9l\u00e9gants.<\/p>\n","protected":false},"featured_media":15051,"comment_status":"open","ping_status":"closed","template":"","meta":[],"product_cat":[445,27],"product_tag":[],"_links":{"self":[{"href":"https:\/\/www.lateliercoiffureesthetique.com\/fr\/wp-json\/wp\/v2\/product\/15047"}],"collection":[{"href":"https:\/\/www.lateliercoiffureesthetique.com\/fr\/wp-json\/wp\/v2\/product"}],"about":[{"href":"https:\/\/www.lateliercoiffureesthetique.com\/fr\/wp-json\/wp\/v2\/types\/product"}],"replies":[{"embeddable":true,"href":"https:\/\/www.lateliercoiffureesthetique.com\/fr\/wp-json\/wp\/v2\/comments?post=15047"}],"wp:featuredmedia":[{"embeddable":true,"href":"https:\/\/www.lateliercoiffureesthetique.com\/fr\/wp-json\/wp\/v2\/media\/15051"}],"wp:attachment":[{"href":"https:\/\/www.lateliercoiffureesthetique.com\/fr\/wp-json\/wp\/v2\/media?parent=15047"}],"wp:term":[{"taxonomy":"product_cat","embeddable":true,"href":"https:\/\/www.lateliercoiffureesthetique.com\/fr\/wp-json\/wp\/v2\/product_cat?post=15047"},{"taxonomy":"product_tag","embeddable":true,"href":"https:\/\/www.lateliercoiffureesthetique.com\/fr\/wp-json\/wp\/v2\/product_tag?post=15047"}],"curies":[{"name":"wp","href":"https:\/\/api.w.org\/{rel}","templated":true}]}}