{"id":15048,"date":"2025-11-16T17:55:51","date_gmt":"2025-11-16T22:55:51","guid":{"rendered":"https:\/\/www.lateliercoiffureesthetique.com\/fr\/?post_type=product&#038;p=15048"},"modified":"2025-11-16T18:04:24","modified_gmt":"2025-11-16T23:04:24","slug":"apres-shampooing-anti-frisottis-smooth-infusion","status":"publish","type":"product","link":"https:\/\/www.lateliercoiffureesthetique.com\/fr\/produit\/apres-shampooing-anti-frisottis-smooth-infusion\/","title":{"rendered":"APR\u00c8S-SHAMPOOING ANTI-FRISOTTIS SMOOTH INFUSION\u2122"},"content":{"rendered":"","protected":false},"excerpt":{"rendered":"<p>Cet apr\u00e8s-shampooing d\u00e9m\u00ealant et lissant sans silicone conditionne, hydrate et am\u00e9liore la brillance en douceur. La formule v\u00e9g\u00e9talienne comprend un bouclier en polym\u00e8re v\u00e9g\u00e9tal et un m\u00e9lange d&rsquo;huiles lissantes botaniques pour prot\u00e9ger de l&rsquo;humidit\u00e9, gardant vos cheveux plus lisses et plus lisses.<\/p>\n","protected":false},"featured_media":15052,"comment_status":"open","ping_status":"closed","template":"","meta":[],"product_cat":[445,27],"product_tag":[],"_links":{"self":[{"href":"https:\/\/www.lateliercoiffureesthetique.com\/fr\/wp-json\/wp\/v2\/product\/15048"}],"collection":[{"href":"https:\/\/www.lateliercoiffureesthetique.com\/fr\/wp-json\/wp\/v2\/product"}],"about":[{"href":"https:\/\/www.lateliercoiffureesthetique.com\/fr\/wp-json\/wp\/v2\/types\/product"}],"replies":[{"embeddable":true,"href":"https:\/\/www.lateliercoiffureesthetique.com\/fr\/wp-json\/wp\/v2\/comments?post=15048"}],"wp:featuredmedia":[{"embeddable":true,"href":"https:\/\/www.lateliercoiffureesthetique.com\/fr\/wp-json\/wp\/v2\/media\/15052"}],"wp:attachment":[{"href":"https:\/\/www.lateliercoiffureesthetique.com\/fr\/wp-json\/wp\/v2\/media?parent=15048"}],"wp:term":[{"taxonomy":"product_cat","embeddable":true,"href":"https:\/\/www.lateliercoiffureesthetique.com\/fr\/wp-json\/wp\/v2\/product_cat?post=15048"},{"taxonomy":"product_tag","embeddable":true,"href":"https:\/\/www.lateliercoiffureesthetique.com\/fr\/wp-json\/wp\/v2\/product_tag?post=15048"}],"curies":[{"name":"wp","href":"https:\/\/api.w.org\/{rel}","templated":true}]}}