{"id":15057,"date":"2025-11-16T18:18:53","date_gmt":"2025-11-16T23:18:53","guid":{"rendered":"https:\/\/www.lateliercoiffureesthetique.com\/fr\/?post_type=product&#038;p=15057"},"modified":"2025-11-16T18:18:53","modified_gmt":"2025-11-16T23:18:53","slug":"conditionneur-de-color-control","status":"publish","type":"product","link":"https:\/\/www.lateliercoiffureesthetique.com\/fr\/produit\/conditionneur-de-color-control\/","title":{"rendered":"CONDITIONNEUR DE COLOR CONTROL"},"content":{"rendered":"","protected":false},"excerpt":{"rendered":"<p>La formule 100 % v\u00e9g\u00e9talienne et sans silicone conditionne et d\u00e9m\u00eale les cheveux, scelle la cuticule et aide \u00e0 maintenir une belle couleur avec une brillance radieuse. Combat efficacement la d\u00e9coloration tout en vous donnant des cheveux doux et soyeux sans le poids des silicones.<\/p>\n","protected":false},"featured_media":15058,"comment_status":"open","ping_status":"closed","template":"","meta":[],"product_cat":[446,27],"product_tag":[],"_links":{"self":[{"href":"https:\/\/www.lateliercoiffureesthetique.com\/fr\/wp-json\/wp\/v2\/product\/15057"}],"collection":[{"href":"https:\/\/www.lateliercoiffureesthetique.com\/fr\/wp-json\/wp\/v2\/product"}],"about":[{"href":"https:\/\/www.lateliercoiffureesthetique.com\/fr\/wp-json\/wp\/v2\/types\/product"}],"replies":[{"embeddable":true,"href":"https:\/\/www.lateliercoiffureesthetique.com\/fr\/wp-json\/wp\/v2\/comments?post=15057"}],"wp:featuredmedia":[{"embeddable":true,"href":"https:\/\/www.lateliercoiffureesthetique.com\/fr\/wp-json\/wp\/v2\/media\/15058"}],"wp:attachment":[{"href":"https:\/\/www.lateliercoiffureesthetique.com\/fr\/wp-json\/wp\/v2\/media?parent=15057"}],"wp:term":[{"taxonomy":"product_cat","embeddable":true,"href":"https:\/\/www.lateliercoiffureesthetique.com\/fr\/wp-json\/wp\/v2\/product_cat?post=15057"},{"taxonomy":"product_tag","embeddable":true,"href":"https:\/\/www.lateliercoiffureesthetique.com\/fr\/wp-json\/wp\/v2\/product_tag?post=15057"}],"curies":[{"name":"wp","href":"https:\/\/api.w.org\/{rel}","templated":true}]}}