{"id":15063,"date":"2025-11-16T18:25:41","date_gmt":"2025-11-16T23:25:41","guid":{"rendered":"https:\/\/www.lateliercoiffureesthetique.com\/fr\/?post_type=product&#038;p=15063"},"modified":"2025-11-16T18:26:01","modified_gmt":"2025-11-16T23:26:01","slug":"traitement-sans-rincage-de-color-control-lumiere-2","status":"publish","type":"product","link":"https:\/\/www.lateliercoiffureesthetique.com\/fr\/produit\/traitement-sans-rincage-de-color-control-lumiere-2\/","title":{"rendered":"TRAITEMENT SANS RIN\u00c7AGE DE COLOR CONTROL : LUMI\u00c8RE"},"content":{"rendered":"","protected":false},"excerpt":{"rendered":"<p>Le traitement sans rin\u00e7age 100 % v\u00e9g\u00e9talien et sans silicone prot\u00e8ge la vivacit\u00e9 de la couleur jusqu&rsquo;\u00e0 12 semaines*<\/p>\n","protected":false},"featured_media":15062,"comment_status":"open","ping_status":"closed","template":"","meta":[],"product_cat":[446,27],"product_tag":[],"_links":{"self":[{"href":"https:\/\/www.lateliercoiffureesthetique.com\/fr\/wp-json\/wp\/v2\/product\/15063"}],"collection":[{"href":"https:\/\/www.lateliercoiffureesthetique.com\/fr\/wp-json\/wp\/v2\/product"}],"about":[{"href":"https:\/\/www.lateliercoiffureesthetique.com\/fr\/wp-json\/wp\/v2\/types\/product"}],"replies":[{"embeddable":true,"href":"https:\/\/www.lateliercoiffureesthetique.com\/fr\/wp-json\/wp\/v2\/comments?post=15063"}],"wp:featuredmedia":[{"embeddable":true,"href":"https:\/\/www.lateliercoiffureesthetique.com\/fr\/wp-json\/wp\/v2\/media\/15062"}],"wp:attachment":[{"href":"https:\/\/www.lateliercoiffureesthetique.com\/fr\/wp-json\/wp\/v2\/media?parent=15063"}],"wp:term":[{"taxonomy":"product_cat","embeddable":true,"href":"https:\/\/www.lateliercoiffureesthetique.com\/fr\/wp-json\/wp\/v2\/product_cat?post=15063"},{"taxonomy":"product_tag","embeddable":true,"href":"https:\/\/www.lateliercoiffureesthetique.com\/fr\/wp-json\/wp\/v2\/product_tag?post=15063"}],"curies":[{"name":"wp","href":"https:\/\/api.w.org\/{rel}","templated":true}]}}