{"id":9960,"date":"2021-03-19T17:27:19","date_gmt":"2021-03-19T22:27:19","guid":{"rendered":"https:\/\/www.lateliercoiffureesthetique.com\/en\/?post_type=product&#038;p=9960"},"modified":"2025-11-16T16:30:28","modified_gmt":"2025-11-16T21:30:28","slug":"anti-breakage-fortifying-serum-en","status":"publish","type":"product","link":"https:\/\/www.lateliercoiffureesthetique.com\/fr\/produit\/anti-breakage-fortifying-serum-en\/","title":{"rendered":"S\u00e9rum Anti-Casse Fortifiant"},"content":{"rendered":"<p>[vc_row center_bck_image=\u00a0\u00bbno\u00a0\u00bb][vc_column][vc_empty_space][vc_column_text]<\/p>\n<h5><strong>COMMENT UTILISER\u00a0<\/strong><\/h5>\n<p>[\/vc_column_text][vc_column_text]<\/p>\n<h6>Utiliser une fois par jour le matin ou avant d\u2019aller au lit quotidiennement afin de pr\u00e9venir la chute de cheveux ou entre deux traitements d&rsquo;Ampoules Fortifiantes de 6 semaines. Appliquer quatre doses sur le cuir chevelu sec ou s\u00e9ch\u00e9 \u00e0 la serviette, section par section. Une dose \u00e9quivaut \u00e0 une pipette jusqu\u2019\u00e0 la marque. Masser doucement le produit sur les cheveux. Ne pas rincer. Coiffer pour obtenir l\u2019apparence d\u00e9sir\u00e9e.<\/h6>\n<p>[\/vc_column_text][vc_empty_space][\/vc_column][\/vc_row][vc_row center_bck_image=\u00a0\u00bbno\u00a0\u00bb][vc_column][vc_column_text]<\/p>\n<h5 style=\"text-align: left;\"><strong><span style=\"vertical-align: inherit;\"><span style=\"vertical-align: inherit;\">INGREDIENTS<\/span><\/span><\/strong><\/h5>\n<p>[\/vc_column_text][vc_column_text]<\/p>\n<h6 style=\"text-align: left;\"><b>Un complexe anti-chute puissant contenant une combinaison unique\u00a0:<\/b><br \/>\nL\u2019Aminexil 1,5\u00a0% aide les cheveux \u00e0 s\u2019ancrer plus solidement dans le cuir chevelu et \u00e0 pr\u00e9venir le durcissement du collag\u00e8ne autour des follicules pileux.<br \/>\nLa racine de gingembre est reconnue pour sa capacit\u00e9 \u00e0 prot\u00e9ger contre les agressions externes du quotidien. La caf\u00e9ine permet d\u2019am\u00e9liorer la microcirculation du cuir chevelu gr\u00e2ce \u00e0 ses propri\u00e9t\u00e9s stimulantes.<\/h6>\n<p>[\/vc_column_text][\/vc_column][\/vc_row]<\/p>\n","protected":false},"excerpt":{"rendered":"<h6>S\u00e9rum fortifiant quotidien anti-chute de cheveux pour cheveux fragilis\u00e9s, susceptibles de tomber en raison de la casse. Enrichi d&#039;une puissante combinaison d&#039;Aminexil, de cellules natives d&#039;Edelweiss et de racine de gingembre, le s\u00e9rum am\u00e9liore la r\u00e9sistance des cheveux pour minimiser la chute des cheveux due \u00e0 la casse et maximiser la beaut\u00e9 Il aide \u00e0 r\u00e9-ancrer plus solidement le follicule pileux dans le cuir chevelu tout en cr\u00e9ant l&#039;environnement optimal pour la croissance future. Jour apr\u00e8s jour, le s\u00e9rum apaise et renforce la barri\u00e8re protectrice naturelle du cuir chevelu. La texture g\u00e9latineuse facilite l&#039;application et \u00e9vite toute les cheveux sont plus forts et plus beaux avec un aspect plus sain.<\/h6>\n","protected":false},"featured_media":9954,"comment_status":"open","ping_status":"closed","template":"","meta":[],"product_cat":[187,198],"product_tag":[95],"_links":{"self":[{"href":"https:\/\/www.lateliercoiffureesthetique.com\/fr\/wp-json\/wp\/v2\/product\/9960"}],"collection":[{"href":"https:\/\/www.lateliercoiffureesthetique.com\/fr\/wp-json\/wp\/v2\/product"}],"about":[{"href":"https:\/\/www.lateliercoiffureesthetique.com\/fr\/wp-json\/wp\/v2\/types\/product"}],"replies":[{"embeddable":true,"href":"https:\/\/www.lateliercoiffureesthetique.com\/fr\/wp-json\/wp\/v2\/comments?post=9960"}],"wp:featuredmedia":[{"embeddable":true,"href":"https:\/\/www.lateliercoiffureesthetique.com\/fr\/wp-json\/wp\/v2\/media\/9954"}],"wp:attachment":[{"href":"https:\/\/www.lateliercoiffureesthetique.com\/fr\/wp-json\/wp\/v2\/media?parent=9960"}],"wp:term":[{"taxonomy":"product_cat","embeddable":true,"href":"https:\/\/www.lateliercoiffureesthetique.com\/fr\/wp-json\/wp\/v2\/product_cat?post=9960"},{"taxonomy":"product_tag","embeddable":true,"href":"https:\/\/www.lateliercoiffureesthetique.com\/fr\/wp-json\/wp\/v2\/product_tag?post=9960"}],"curies":[{"name":"wp","href":"https:\/\/api.w.org\/{rel}","templated":true}]}}