{"id":9970,"date":"2021-03-20T05:46:23","date_gmt":"2021-03-20T10:46:23","guid":{"rendered":"https:\/\/www.lateliercoiffureesthetique.com\/en\/?post_type=product&#038;p=9970"},"modified":"2025-11-16T16:30:00","modified_gmt":"2025-11-16T21:30:00","slug":"defense-thermique","status":"publish","type":"product","link":"https:\/\/www.lateliercoiffureesthetique.com\/fr\/produit\/defense-thermique\/","title":{"rendered":"D\u00e9fense Thermique"},"content":{"rendered":"<p>[vc_row center_bck_image=\u00a0\u00bbno\u00a0\u00bb][vc_column][vc_empty_space][vc_column_text]<\/p>\n<h5><strong>COMMENT UTILISER\u00a0<\/strong><\/h5>\n<p>[\/vc_column_text][vc_column_text]<\/p>\n<h6>SUR LES CHEVEUX S\u00c9CH\u00c9S \u00c0 LA SERVIETTE\u00a0: Appliquer de deux \u00e0 quatre pompes, selon la longueur et l\u2019\u00e9paisseur des cheveux. Appliquer le produit jusqu\u2019aux pointes, puis peigner les cheveux pour r\u00e9partir le produit uniform\u00e9ment. S\u00e9cher au s\u00e8che-cheveux ou \u00e0 l\u2019air libre.<\/h6>\n<h6>SUR CHEVEUX SECS\u00a0: Appliquer le produit sur les cheveux secs apr\u00e8s qu\u2019ils aient \u00e9t\u00e9 s\u00e9ch\u00e9s au s\u00e8che-cheveux ou \u00e0 l\u2019air libre pour apporter une touche finale, contr\u00f4ler les frisottis et rehausser la brillance. Coiffer pour obtenir l\u2019apparence d\u00e9sir\u00e9e.<\/h6>\n<h6>Appliquer ce fluide fortifiant pour coiffage avant d\u2019utiliser des outils chauffants pour prot\u00e9ger de la chaleur allant jusqu\u2019\u00e0 220\u00a0\u00b0C ou sur des cheveux secs pour contr\u00f4ler les frisottis et adoucir les cheveux.<\/h6>\n<p>[\/vc_column_text][vc_empty_space][\/vc_column][\/vc_row][vc_row center_bck_image=\u00a0\u00bbno\u00a0\u00bb][vc_column][vc_column_text]<\/p>\n<h5 style=\"text-align: left;\"><strong><span style=\"vertical-align: inherit;\"><span style=\"vertical-align: inherit;\">INGREDIENTS<\/span><\/span><\/strong><\/h5>\n<p>[\/vc_column_text][vc_column_text]<\/p>\n<h6><b>Une combinaison unique de racine de gingembre et de cellules natives d\u2019edelweiss\u00a0:<\/b><br \/>\nLa racine de gingembre est reconnue pour sa capacit\u00e9 \u00e0 prot\u00e9ger contre les agressions externes du quotidien.<br \/>\nLes cellules natives d\u2019edelweiss sont reconnues en soins de la peau pour leur pouvoir antioxydant et leurs propri\u00e9t\u00e9s de pr\u00e9servation du collag\u00e8ne. L\u2019edelweiss est capable de r\u00e9sister aux conditions extr\u00eames.<\/h6>\n<p>[\/vc_column_text][\/vc_column][\/vc_row]<\/p>\n","protected":false},"excerpt":{"rendered":"<h6>Fluide de brushing fortifiant anti-chute pour cheveux fragilis\u00e9s, sujets \u00e0 la chute suite \u00e0 la casse. Cette formule lact\u00e9e offre une protection anti-casse et une hydratation optimale sans frisottis ni alourdir les cheveux. Enrichi de l&rsquo;association d&rsquo;Edelweiss Native Cells et de Racine de Gingembre, D\u00e9fense Thermique hydrate, renforce et prot\u00e8ge les cheveux de la chaleur jusqu&rsquo;\u00e0 220 \u00b0 C pour r\u00e9duire les risques de chute de cheveux dus \u00e0 la casse. Les cheveux sont brillants et doux avec un toucher soyeux.<\/h6>\n","protected":false},"featured_media":9971,"comment_status":"open","ping_status":"closed","template":"","meta":[],"product_cat":[198,187],"product_tag":[95],"_links":{"self":[{"href":"https:\/\/www.lateliercoiffureesthetique.com\/fr\/wp-json\/wp\/v2\/product\/9970"}],"collection":[{"href":"https:\/\/www.lateliercoiffureesthetique.com\/fr\/wp-json\/wp\/v2\/product"}],"about":[{"href":"https:\/\/www.lateliercoiffureesthetique.com\/fr\/wp-json\/wp\/v2\/types\/product"}],"replies":[{"embeddable":true,"href":"https:\/\/www.lateliercoiffureesthetique.com\/fr\/wp-json\/wp\/v2\/comments?post=9970"}],"wp:featuredmedia":[{"embeddable":true,"href":"https:\/\/www.lateliercoiffureesthetique.com\/fr\/wp-json\/wp\/v2\/media\/9971"}],"wp:attachment":[{"href":"https:\/\/www.lateliercoiffureesthetique.com\/fr\/wp-json\/wp\/v2\/media?parent=9970"}],"wp:term":[{"taxonomy":"product_cat","embeddable":true,"href":"https:\/\/www.lateliercoiffureesthetique.com\/fr\/wp-json\/wp\/v2\/product_cat?post=9970"},{"taxonomy":"product_tag","embeddable":true,"href":"https:\/\/www.lateliercoiffureesthetique.com\/fr\/wp-json\/wp\/v2\/product_tag?post=9970"}],"curies":[{"name":"wp","href":"https:\/\/api.w.org\/{rel}","templated":true}]}}