{"id":9976,"date":"2021-03-20T10:43:52","date_gmt":"2021-03-20T15:43:52","guid":{"rendered":"https:\/\/www.lateliercoiffureesthetique.com\/en\/?post_type=product&#038;p=9976"},"modified":"2026-02-04T19:25:36","modified_gmt":"2026-02-05T00:25:36","slug":"bain-nutri-fortifiant","status":"publish","type":"product","link":"https:\/\/www.lateliercoiffureesthetique.com\/fr\/produit\/bain-nutri-fortifiant\/","title":{"rendered":"Bain Nutri-Fortifiant"},"content":{"rendered":"<p>[vc_row center_bck_image=\u00a0\u00bbno\u00a0\u00bb][vc_column][vc_empty_space][vc_column_text]<\/p>\n<h5><strong>COMMENT UTILISER\u00a0<\/strong><\/h5>\n<p>[\/vc_column_text][vc_column_text]<\/p>\n<h6>Mouillez les cheveux puis \u00e9liminez soigneusement l&rsquo;exc\u00e8s d&rsquo;eau avant d&rsquo;appliquer une quantit\u00e9 d&rsquo;un quart de shampooing au toucher sur 5 zones cl\u00e9s des cheveux. Ajouter de l&rsquo;eau et \u00e9mulsionner. Concentrez ce premier lavage sur le cuir chevelu en utilisant le bout des doigts pour masser le cuir chevelu et \u00e9liminer les impuret\u00e9s. Rincez abondamment. Appliquez une deuxi\u00e8me quantit\u00e9 de shampooing au toucher au toucher et ajoutez de l&rsquo;eau. La deuxi\u00e8me mousse produira une mousse plus abondante qui aidera \u00e0 nettoyer les longueurs jusqu&rsquo;aux extr\u00e9mit\u00e9s. Rincez abondamment.<\/h6>\n<p>[\/vc_column_text][vc_empty_space][\/vc_column][\/vc_row][vc_row center_bck_image=\u00a0\u00bbno\u00a0\u00bb][vc_column][vc_column_text]<\/p>\n<h5 style=\"text-align: left;\"><strong><span style=\"vertical-align: inherit;\"><span style=\"vertical-align: inherit;\">INGREDIENTS<\/span><\/span><\/strong><\/h5>\n<p>[\/vc_column_text][vc_column_text]<\/p>\n<h6>A unique combination of Ginger Root and Edelweiss Native Cells:<br \/>\n<strong>Ginger Root<\/strong>\u00a0is known for its ability to protect against daily external aggressor.<br \/>\n<strong>Edelweiss Native Cells<\/strong>\u00a0is known in skincare for its antioxidant power and collagen preserving properties. The Edelweiss flower is capable to resist the most extreme conditions.<\/h6>\n<p>[\/vc_column_text][\/vc_column][\/vc_row]<\/p>\n","protected":false},"excerpt":{"rendered":"<h6>Shampooing fortifiant anti-chute pour cheveux \u00e9pais ou secs fragilis\u00e9s, sujets \u00e0 la chute suite \u00e0 la casse. Clarifie en douceur et renforce la fibre pour r\u00e9duire le risque de chute de cheveux due \u00e0 la casse.<br \/>\nCette formule riche forme une mousse onctueuse \u00e9liminant la salet\u00e9 et l&#039;exc\u00e8s de s\u00e9bum tout en nourrissant intens\u00e9ment les cheveux \u00e9pais ou secs. Son action nettoyante douce apaise et hydrate les cheveux de la racine aux pointes, laissant une sensation de l\u00e9g\u00e8ret\u00e9. Enrichi d&#039;une puissante combinaison de cellules natives d&#039;Edelweiss et de racine de gingembre, il renforce la fibre pour une r\u00e9silience intense afin de r\u00e9duire le risque de chute de cheveux. Les cheveux sont pr\u00e9par\u00e9s pour \u00eatre trait\u00e9s, nourris et fortifi\u00e9s avec un aspect plus plein.<\/h6>\n","protected":false},"featured_media":14027,"comment_status":"open","ping_status":"closed","template":"","meta":[],"product_cat":[198,187],"product_tag":[95],"_links":{"self":[{"href":"https:\/\/www.lateliercoiffureesthetique.com\/fr\/wp-json\/wp\/v2\/product\/9976"}],"collection":[{"href":"https:\/\/www.lateliercoiffureesthetique.com\/fr\/wp-json\/wp\/v2\/product"}],"about":[{"href":"https:\/\/www.lateliercoiffureesthetique.com\/fr\/wp-json\/wp\/v2\/types\/product"}],"replies":[{"embeddable":true,"href":"https:\/\/www.lateliercoiffureesthetique.com\/fr\/wp-json\/wp\/v2\/comments?post=9976"}],"wp:featuredmedia":[{"embeddable":true,"href":"https:\/\/www.lateliercoiffureesthetique.com\/fr\/wp-json\/wp\/v2\/media\/14027"}],"wp:attachment":[{"href":"https:\/\/www.lateliercoiffureesthetique.com\/fr\/wp-json\/wp\/v2\/media?parent=9976"}],"wp:term":[{"taxonomy":"product_cat","embeddable":true,"href":"https:\/\/www.lateliercoiffureesthetique.com\/fr\/wp-json\/wp\/v2\/product_cat?post=9976"},{"taxonomy":"product_tag","embeddable":true,"href":"https:\/\/www.lateliercoiffureesthetique.com\/fr\/wp-json\/wp\/v2\/product_tag?post=9976"}],"curies":[{"name":"wp","href":"https:\/\/api.w.org\/{rel}","templated":true}]}}