{"id":9991,"date":"2021-03-20T12:07:21","date_gmt":"2021-03-20T17:07:21","guid":{"rendered":"https:\/\/www.lateliercoiffureesthetique.com\/en\/?post_type=product&#038;p=9991"},"modified":"2025-11-16T16:28:31","modified_gmt":"2025-11-16T21:28:31","slug":"masque-reconsitutant","status":"publish","type":"product","link":"https:\/\/www.lateliercoiffureesthetique.com\/fr\/produit\/masque-reconsitutant\/","title":{"rendered":"Masque Reconsitutant"},"content":{"rendered":"<p>[vc_row center_bck_image=\u00a0\u00bbno\u00a0\u00bb][vc_column][vc_empty_space][vc_column_text]<\/p>\n<h5><strong>COMMENT UTILISER\u00a0<\/strong><\/h5>\n<p>[\/vc_column_text][vc_column_text]<\/p>\n<div class=\"product_tabs ui-tabs ui-widget ui-widget-content ui-corner-all\">\n<div class=\"product_tabs-line\">\n<h6>Appliquer sur cheveux lav\u00e9s et essor\u00e9s. Massez sur les longueurs et les pointes. Laisser agir 5 minutes. Ajouter de l&rsquo;eau, \u00e9mulsionner et rincer abondamment.<\/h6>\n<\/div>\n<\/div>\n<p>[\/vc_column_text][vc_empty_space][\/vc_column][\/vc_row][vc_row center_bck_image=\u00a0\u00bbno\u00a0\u00bb][vc_column][vc_column_text]<\/p>\n<h5 style=\"text-align: left;\"><strong><span style=\"vertical-align: inherit;\"><span style=\"vertical-align: inherit;\">INGREDIENTS<\/span><\/span><\/strong><\/h5>\n<p>[\/vc_column_text][vc_column_text]<\/p>\n<h6>Une combinaison unique de cellules natives de racine de gingembre et d&rsquo;edelweiss:<br \/>\nLa racine de gingembre est connue pour sa capacit\u00e9 \u00e0 se prot\u00e9ger des agressions ext\u00e9rieures quotidiennes.<br \/>\nEdelweiss Native Cells est reconnu en soin de la peau pour son pouvoir antioxydant et ses propri\u00e9t\u00e9s de pr\u00e9servation du collag\u00e8ne. La fleur d&rsquo;Edelweiss est capable de r\u00e9sister aux conditions les plus extr\u00eames.<\/h6>\n<p>[\/vc_column_text][\/vc_column][\/vc_row]<\/p>\n","protected":false},"excerpt":{"rendered":"<h6>Masque fortifiant anti-chute pour cheveux fragilis\u00e9s, sujets \u00e0 la chute suite \u00e0 la casse. Sa formule riche nourrit intens\u00e9ment, d\u00e9m\u00eale et renforce les cheveux pour r\u00e9duire le risque de chute de cheveux due \u00e0 la casse. Enrichi de la combinaison de cellules natives d&rsquo;Edelweiss et de racine de gingembre, ce masque ultime permet de reconstituer les cheveux en fortifiant les zones endommag\u00e9es de la fibre. La puissante combinaison d&rsquo;agents revitalisants rend les cheveux faciles \u00e0 coiffer tout en leur redonnant douceur et nourriture. Les cheveux sont intens\u00e9ment fortifi\u00e9s, d\u00e9m\u00eal\u00e9s, doux et brillants.<\/h6>\n","protected":false},"featured_media":12491,"comment_status":"open","ping_status":"closed","template":"","meta":[],"product_cat":[198,187],"product_tag":[423,95],"_links":{"self":[{"href":"https:\/\/www.lateliercoiffureesthetique.com\/fr\/wp-json\/wp\/v2\/product\/9991"}],"collection":[{"href":"https:\/\/www.lateliercoiffureesthetique.com\/fr\/wp-json\/wp\/v2\/product"}],"about":[{"href":"https:\/\/www.lateliercoiffureesthetique.com\/fr\/wp-json\/wp\/v2\/types\/product"}],"replies":[{"embeddable":true,"href":"https:\/\/www.lateliercoiffureesthetique.com\/fr\/wp-json\/wp\/v2\/comments?post=9991"}],"wp:featuredmedia":[{"embeddable":true,"href":"https:\/\/www.lateliercoiffureesthetique.com\/fr\/wp-json\/wp\/v2\/media\/12491"}],"wp:attachment":[{"href":"https:\/\/www.lateliercoiffureesthetique.com\/fr\/wp-json\/wp\/v2\/media?parent=9991"}],"wp:term":[{"taxonomy":"product_cat","embeddable":true,"href":"https:\/\/www.lateliercoiffureesthetique.com\/fr\/wp-json\/wp\/v2\/product_cat?post=9991"},{"taxonomy":"product_tag","embeddable":true,"href":"https:\/\/www.lateliercoiffureesthetique.com\/fr\/wp-json\/wp\/v2\/product_tag?post=9991"}],"curies":[{"name":"wp","href":"https:\/\/api.w.org\/{rel}","templated":true}]}}